{"id":532,"date":"2024-11-14T09:02:32","date_gmt":"2024-11-14T09:02:32","guid":{"rendered":"https:\/\/ofertasbyreichel.es\/?page_id=532"},"modified":"2024-11-14T11:34:14","modified_gmt":"2024-11-14T11:34:14","slug":"calendarios-de-adviento-personalizados","status":"publish","type":"page","link":"https:\/\/ofertasbyreichel.es\/index.php\/calendarios-de-adviento-personalizados\/","title":{"rendered":"Calendario de adviento cr\u00f3nicas vamp\u00edricas"},"content":{"rendered":"\n<p class=\"has-contrast-color has-text-color has-link-color wp-elements-c109cb20e454bc5fa87c879ca354af69\"><strong>DOS OPCIONES DE CALENDARIO DE ADVIENTO<\/strong> \u2b07\ufe0f<\/p>\n\n\n\n<div style=\"height:23px\" aria-hidden=\"true\" class=\"wp-block-spacer\"><\/div>\n\n\n\n<div class=\"wp-block-media-text is-stacked-on-mobile has-base-color has-custom-color-3-background-color has-text-color has-background has-link-color wp-elements-f0012bd1590173eb3f4bbde169bf32af\" style=\"margin-top:0px;margin-right:0px;margin-bottom:0px;margin-left:0px;padding-top:0px;padding-right:0px;padding-bottom:0px;padding-left:0px;grid-template-columns:45% auto\"><figure class=\"wp-block-media-text__media\"><a href=\"https:\/\/app.temu.com\/m\/nih5ynxdea0\"><img loading=\"lazy\" decoding=\"async\" width=\"489\" height=\"387\" src=\"https:\/\/ofertasbyreichel.es\/wp-content\/uploads\/2024\/11\/Captura-de-pantalla-2024-11-14-100439-1.png\" alt=\"\" class=\"wp-image-539 size-full\" srcset=\"https:\/\/ofertasbyreichel.es\/wp-content\/uploads\/2024\/11\/Captura-de-pantalla-2024-11-14-100439-1.png 489w, https:\/\/ofertasbyreichel.es\/wp-content\/uploads\/2024\/11\/Captura-de-pantalla-2024-11-14-100439-1-300x237.png 300w\" sizes=\"auto, (max-width: 489px) 100vw, 489px\" \/><\/a><\/figure><div class=\"wp-block-media-text__content\">\n<p style=\"border-radius:0px;padding-top:0px;padding-right:0px;padding-bottom:0px;padding-left:0px;font-size:clamp(14.082px, 0.88rem + ((1vw - 3.2px) * 0.641), 21px);\"><em><strong><a href=\"https:\/\/app.temu.com\/m\/nih5ynxdea0\" title=\"\">Temu 20\u20ac<\/a><\/strong><\/em><br><strong>Mi favorita<\/strong>: os puede salir casi <strong>GRATIS <\/strong>con los cupones<\/p>\n<\/div><\/div>\n\n\n\n<div style=\"height:22px\" aria-hidden=\"true\" class=\"wp-block-spacer\"><\/div>\n\n\n\n<div class=\"wp-block-media-text has-base-color has-custom-color-3-background-color has-text-color has-background has-link-color wp-elements-3187303c0366c5f4d99cafef6110796f\" style=\"margin-top:0px;margin-right:0px;margin-bottom:0px;margin-left:0px;padding-top:0px;padding-right:0px;padding-bottom:0px;padding-left:0px;grid-template-columns:37% auto\"><figure class=\"wp-block-media-text__media\"><a href=\"https:\/\/amzn.to\/3AClcaP\"><img loading=\"lazy\" decoding=\"async\" width=\"543\" height=\"521\" src=\"https:\/\/ofertasbyreichel.es\/wp-content\/uploads\/2024\/11\/Captura-de-pantalla-2024-11-14-100028.png\" alt=\"\" class=\"wp-image-534 size-full\" srcset=\"https:\/\/ofertasbyreichel.es\/wp-content\/uploads\/2024\/11\/Captura-de-pantalla-2024-11-14-100028.png 543w, https:\/\/ofertasbyreichel.es\/wp-content\/uploads\/2024\/11\/Captura-de-pantalla-2024-11-14-100028-300x288.png 300w\" sizes=\"auto, (max-width: 543px) 100vw, 543px\" \/><\/a><\/figure><div class=\"wp-block-media-text__content\">\n<p style=\"font-size:clamp(14.082px, 0.88rem + ((1vw - 3.2px) * 0.641), 21px);\"><a href=\"https:\/\/amzn.to\/3AClcaP\" title=\"\"><em><strong>Amazon 6\u20ac<\/strong><\/em><br><\/a>Bolsas de papel + Stickers (el m\u00e1s b\u00e1sico)<\/p>\n<\/div><\/div>\n\n\n\n<div style=\"height:19px\" aria-hidden=\"true\" class=\"wp-block-spacer\"><\/div>\n\n\n\n<p class=\"has-contrast-color has-luminous-vivid-amber-background-color has-text-color has-background has-link-color wp-elements-2471ed123322a6600d44b6e13a32234d\" style=\"padding-top:0px;padding-right:17px;padding-bottom:0px;padding-left:17px\"><strong>Regalitos<\/strong> \u2b07\ufe0f<\/p>\n\n\n\n<div style=\"height:40px\" aria-hidden=\"true\" class=\"wp-block-spacer\"><\/div>\n\n\n\n<div class=\"wp-block-media-text is-stacked-on-mobile has-base-color has-custom-color-3-background-color has-text-color has-background has-link-color wp-elements-6b243f4f824ef2440ea4a004f40e8d2a\" style=\"margin-top:0px;margin-right:0px;margin-bottom:0px;margin-left:0px;padding-top:0px;padding-right:0px;padding-bottom:0px;padding-left:0px;grid-template-columns:37% auto\"><figure class=\"wp-block-media-text__media\"><a href=\"https:\/\/amzn.to\/48Oyptz\"><img loading=\"lazy\" decoding=\"async\" width=\"504\" height=\"483\" src=\"https:\/\/ofertasbyreichel.es\/wp-content\/uploads\/2024\/11\/Captura-de-pantalla-2024-11-14-103222.png\" alt=\"\" class=\"wp-image-554 size-full\" srcset=\"https:\/\/ofertasbyreichel.es\/wp-content\/uploads\/2024\/11\/Captura-de-pantalla-2024-11-14-103222.png 504w, https:\/\/ofertasbyreichel.es\/wp-content\/uploads\/2024\/11\/Captura-de-pantalla-2024-11-14-103222-300x288.png 300w\" sizes=\"auto, (max-width: 504px) 100vw, 504px\" \/><\/a><\/figure><div class=\"wp-block-media-text__content\">\n<p style=\"font-size:clamp(14.082px, 0.88rem + ((1vw - 3.2px) * 0.641), 21px);\"><em><strong><a href=\"https:\/\/amzn.to\/48Oyptz\" title=\"\">8. Accesorios personajes principales <\/a><\/strong><\/em><br>Los podr\u00edais comprar por separada pero as\u00ed es como os sale mejor de precio (Accesorios repartidos en los n\u00ba: 1-3-4-6-11-20-21-22)<br><strong>+ Pegatinas<\/strong> (02)<\/p>\n<\/div><\/div>\n\n\n\n<div style=\"height:41px\" aria-hidden=\"true\" class=\"wp-block-spacer\"><\/div>\n\n\n\n<div class=\"wp-block-media-text is-stacked-on-mobile has-base-color has-custom-color-3-background-color has-text-color has-background has-link-color wp-elements-668e21ea2ec681e1e80e1330b4d7d287\" style=\"margin-top:0px;margin-right:0px;margin-bottom:0px;margin-left:0px;padding-top:0px;padding-right:0px;padding-bottom:0px;padding-left:0px;grid-template-columns:37% auto\"><figure class=\"wp-block-media-text__media\"><a href=\"https:\/\/app.temu.com\/m\/nwyezcq96ud\"><img loading=\"lazy\" decoding=\"async\" width=\"517\" height=\"515\" src=\"https:\/\/ofertasbyreichel.es\/wp-content\/uploads\/2024\/11\/Captura-de-pantalla-2024-11-14-114611.png\" alt=\"\" class=\"wp-image-585 size-full\" srcset=\"https:\/\/ofertasbyreichel.es\/wp-content\/uploads\/2024\/11\/Captura-de-pantalla-2024-11-14-114611.png 517w, https:\/\/ofertasbyreichel.es\/wp-content\/uploads\/2024\/11\/Captura-de-pantalla-2024-11-14-114611-300x300.png 300w, https:\/\/ofertasbyreichel.es\/wp-content\/uploads\/2024\/11\/Captura-de-pantalla-2024-11-14-114611-150x150.png 150w\" sizes=\"auto, (max-width: 517px) 100vw, 517px\" \/><\/a><\/figure><div class=\"wp-block-media-text__content\">\n<p style=\"font-size:clamp(14.082px, 0.88rem + ((1vw - 3.2px) * 0.641), 21px);\"><em><strong><a href=\"https:\/\/app.temu.com\/m\/nwyezcq96ud\" title=\"\">Bol\u00edgrafo personalizado<\/a><\/strong><\/em> (05)<br>Puedes poner frase t\u00edpica de la serie<\/p>\n<\/div><\/div>\n\n\n\n<div style=\"height:41px\" aria-hidden=\"true\" class=\"wp-block-spacer\"><\/div>\n\n\n\n<div class=\"wp-block-media-text is-stacked-on-mobile has-base-color has-custom-color-3-background-color has-text-color has-background has-link-color wp-elements-d862b46c23335c6f942fee8cb3f3f06d\" style=\"margin-top:0px;margin-right:0px;margin-bottom:0px;margin-left:0px;padding-top:0px;padding-right:0px;padding-bottom:0px;padding-left:0px;grid-template-columns:37% auto\"><figure class=\"wp-block-media-text__media\"><a href=\"https:\/\/amzn.to\/4eltu4z\"><img loading=\"lazy\" decoding=\"async\" width=\"486\" height=\"465\" src=\"https:\/\/ofertasbyreichel.es\/wp-content\/uploads\/2024\/11\/Captura-de-pantalla-2024-11-14-103942.png\" alt=\"\" class=\"wp-image-557 size-full\" srcset=\"https:\/\/ofertasbyreichel.es\/wp-content\/uploads\/2024\/11\/Captura-de-pantalla-2024-11-14-103942.png 486w, https:\/\/ofertasbyreichel.es\/wp-content\/uploads\/2024\/11\/Captura-de-pantalla-2024-11-14-103942-300x287.png 300w\" sizes=\"auto, (max-width: 486px) 100vw, 486px\" \/><\/a><\/figure><div class=\"wp-block-media-text__content\">\n<p style=\"font-size:clamp(14.082px, 0.88rem + ((1vw - 3.2px) * 0.641), 21px);\"><em><strong><a href=\"https:\/\/amzn.to\/4eltu4z\" title=\"\">Calcetines Damon Salvatore <\/a><\/strong><\/em> (07)<\/p>\n<\/div><\/div>\n\n\n\n<div style=\"height:41px\" aria-hidden=\"true\" class=\"wp-block-spacer\"><\/div>\n\n\n\n<div class=\"wp-block-media-text is-stacked-on-mobile has-base-color has-custom-color-3-background-color has-text-color has-background has-link-color wp-elements-f58ed278b2db1d1a11fcd03783fcb40b\" style=\"margin-top:0px;margin-right:0px;margin-bottom:0px;margin-left:0px;padding-top:0px;padding-right:0px;padding-bottom:0px;padding-left:0px;grid-template-columns:37% auto\"><figure class=\"wp-block-media-text__media\"><a href=\"https:\/\/app.temu.com\/m\/ea4z9wdn3ka\"><img loading=\"lazy\" decoding=\"async\" width=\"474\" height=\"457\" src=\"https:\/\/ofertasbyreichel.es\/wp-content\/uploads\/2024\/11\/Captura-de-pantalla-2024-11-13-100934-2.png\" alt=\"\" class=\"wp-image-566 size-full\" srcset=\"https:\/\/ofertasbyreichel.es\/wp-content\/uploads\/2024\/11\/Captura-de-pantalla-2024-11-13-100934-2.png 474w, https:\/\/ofertasbyreichel.es\/wp-content\/uploads\/2024\/11\/Captura-de-pantalla-2024-11-13-100934-2-300x289.png 300w\" sizes=\"auto, (max-width: 474px) 100vw, 474px\" \/><\/a><\/figure><div class=\"wp-block-media-text__content\">\n<p style=\"font-size:clamp(14.082px, 0.88rem + ((1vw - 3.2px) * 0.641), 21px);\"><em><strong><a href=\"https:\/\/app.temu.com\/m\/ea4z9wdn3ka\" title=\"Calcetines Damon Salvatore \">Funda Almohada Frases t\u00edpicas de la serie<\/a><\/strong><\/em> (09)<\/p>\n<\/div><\/div>\n\n\n\n<div style=\"height:41px\" aria-hidden=\"true\" class=\"wp-block-spacer\"><\/div>\n\n\n\n<div class=\"wp-block-media-text is-stacked-on-mobile has-base-color has-custom-color-3-background-color has-text-color has-background has-link-color wp-elements-1b11ef83ffdf94c94299845ae7652fda\" style=\"margin-top:0px;margin-right:0px;margin-bottom:0px;margin-left:0px;padding-top:0px;padding-right:0px;padding-bottom:0px;padding-left:0px;grid-template-columns:37% auto\"><figure class=\"wp-block-media-text__media\"><a href=\"https:\/\/app.temu.com\/m\/nt9pmptjsy1\"><img loading=\"lazy\" decoding=\"async\" width=\"404\" height=\"432\" src=\"https:\/\/ofertasbyreichel.es\/wp-content\/uploads\/2024\/11\/Captura-de-pantalla-2024-11-13-100848-2.png\" alt=\"\" class=\"wp-image-569 size-full\" srcset=\"https:\/\/ofertasbyreichel.es\/wp-content\/uploads\/2024\/11\/Captura-de-pantalla-2024-11-13-100848-2.png 404w, https:\/\/ofertasbyreichel.es\/wp-content\/uploads\/2024\/11\/Captura-de-pantalla-2024-11-13-100848-2-281x300.png 281w\" sizes=\"auto, (max-width: 404px) 100vw, 404px\" \/><\/a><\/figure><div class=\"wp-block-media-text__content\">\n<p style=\"font-size:clamp(14.082px, 0.88rem + ((1vw - 3.2px) * 0.641), 21px);\"><em><strong><a href=\"https:\/\/app.temu.com\/m\/nt9pmptjsy1\" title=\"4 Llaveros acr\u00edlicos \">4 Llaveros acr\u00edlicos <\/a><\/strong><\/em> <br>Repartidos en los n\u00ba 8-10-13-16<\/p>\n<\/div><\/div>\n\n\n\n<div style=\"height:41px\" aria-hidden=\"true\" class=\"wp-block-spacer\"><\/div>\n\n\n\n<div class=\"wp-block-media-text is-stacked-on-mobile has-base-color has-custom-color-3-background-color has-text-color has-background has-link-color wp-elements-c0a3c43da624ad64a8030a25d6a6d32d\" style=\"margin-top:0px;margin-right:0px;margin-bottom:0px;margin-left:0px;padding-top:0px;padding-right:0px;padding-bottom:0px;padding-left:0px;grid-template-columns:37% auto\"><figure class=\"wp-block-media-text__media\"><a href=\"https:\/\/app.temu.com\/m\/nnhmkwji8dm\"><img loading=\"lazy\" decoding=\"async\" width=\"456\" height=\"378\" src=\"https:\/\/ofertasbyreichel.es\/wp-content\/uploads\/2024\/11\/Captura-de-pantalla-2024-11-14-113404.png\" alt=\"\" class=\"wp-image-583 size-full\" srcset=\"https:\/\/ofertasbyreichel.es\/wp-content\/uploads\/2024\/11\/Captura-de-pantalla-2024-11-14-113404.png 456w, https:\/\/ofertasbyreichel.es\/wp-content\/uploads\/2024\/11\/Captura-de-pantalla-2024-11-14-113404-300x249.png 300w\" sizes=\"auto, (max-width: 456px) 100vw, 456px\" \/><\/a><\/figure><div class=\"wp-block-media-text__content\">\n<p style=\"font-size:clamp(14.082px, 0.88rem + ((1vw - 3.2px) * 0.641), 21px);\"><em><strong><a href=\"https:\/\/app.temu.com\/m\/nnhmkwji8dm\" title=\"\">Sticker Vinilo Impermeable<\/a><\/strong><\/em> (12)<\/p>\n<\/div><\/div>\n\n\n\n<div style=\"height:41px\" aria-hidden=\"true\" class=\"wp-block-spacer\"><\/div>\n\n\n\n<div class=\"wp-block-media-text is-stacked-on-mobile has-base-color has-custom-color-3-background-color has-text-color has-background has-link-color wp-elements-ddc412ffcceb11d12f59e676eca2f352\" style=\"margin-top:0px;margin-right:0px;margin-bottom:0px;margin-left:0px;padding-top:0px;padding-right:0px;padding-bottom:0px;padding-left:0px;grid-template-columns:37% auto\"><figure class=\"wp-block-media-text__media\"><a href=\"https:\/\/app.temu.com\/m\/njhuld4cdtr\"><img loading=\"lazy\" decoding=\"async\" width=\"387\" height=\"350\" src=\"https:\/\/ofertasbyreichel.es\/wp-content\/uploads\/2024\/11\/Captura-de-pantalla-2024-11-14-121831.png\" alt=\"\" class=\"wp-image-594 size-full\" srcset=\"https:\/\/ofertasbyreichel.es\/wp-content\/uploads\/2024\/11\/Captura-de-pantalla-2024-11-14-121831.png 387w, https:\/\/ofertasbyreichel.es\/wp-content\/uploads\/2024\/11\/Captura-de-pantalla-2024-11-14-121831-300x271.png 300w\" sizes=\"auto, (max-width: 387px) 100vw, 387px\" \/><\/a><\/figure><div class=\"wp-block-media-text__content\">\n<p style=\"font-size:clamp(14.082px, 0.88rem + ((1vw - 3.2px) * 0.641), 21px);\"><em><strong><a href=\"https:\/\/app.temu.com\/m\/njhuld4cdtr\" title=\"\">Pegatina de vinilo<\/a><\/strong><\/em> (14)<\/p>\n<\/div><\/div>\n\n\n\n<div style=\"height:41px\" aria-hidden=\"true\" class=\"wp-block-spacer\"><\/div>\n\n\n\n<div class=\"wp-block-media-text is-stacked-on-mobile has-base-color has-custom-color-3-background-color has-text-color has-background has-link-color wp-elements-41277db663a9c7c4940bf0c6b109e78a\" style=\"margin-top:0px;margin-right:0px;margin-bottom:0px;margin-left:0px;padding-top:0px;padding-right:0px;padding-bottom:0px;padding-left:0px;grid-template-columns:37% auto\"><figure class=\"wp-block-media-text__media\"><a href=\"https:\/\/amzn.to\/4hN81o4\"><img loading=\"lazy\" decoding=\"async\" width=\"469\" height=\"503\" src=\"https:\/\/ofertasbyreichel.es\/wp-content\/uploads\/2024\/11\/Captura-de-pantalla-2024-11-14-112009.png\" alt=\"\" class=\"wp-image-574 size-full\" srcset=\"https:\/\/ofertasbyreichel.es\/wp-content\/uploads\/2024\/11\/Captura-de-pantalla-2024-11-14-112009.png 469w, https:\/\/ofertasbyreichel.es\/wp-content\/uploads\/2024\/11\/Captura-de-pantalla-2024-11-14-112009-280x300.png 280w\" sizes=\"auto, (max-width: 469px) 100vw, 469px\" \/><\/a><\/figure><div class=\"wp-block-media-text__content\">\n<p style=\"font-size:clamp(14.082px, 0.88rem + ((1vw - 3.2px) * 0.641), 21px);\"><em><strong><a href=\"https:\/\/amzn.to\/4hN81o4\" title=\"\">Llavero Personalizado<\/a><\/strong><\/em> (15)<br>Pod\u00e9is poner una imagen y canci\u00f3n m\u00edtica de la serie<\/p>\n<\/div><\/div>\n\n\n\n<div style=\"height:41px\" aria-hidden=\"true\" class=\"wp-block-spacer\"><\/div>\n\n\n\n<div class=\"wp-block-media-text is-stacked-on-mobile has-base-color has-custom-color-3-background-color has-text-color has-background has-link-color wp-elements-45faefff6e6ce2423ea6e225ebe453c3\" style=\"margin-top:0px;margin-right:0px;margin-bottom:0px;margin-left:0px;padding-top:0px;padding-right:0px;padding-bottom:0px;padding-left:0px;grid-template-columns:37% auto\"><figure class=\"wp-block-media-text__media\"><a href=\"https:\/\/app.temu.com\/m\/n8f2a2q5qwp\"><img loading=\"lazy\" decoding=\"async\" width=\"333\" height=\"388\" src=\"https:\/\/ofertasbyreichel.es\/wp-content\/uploads\/2024\/11\/Captura-de-pantalla-2024-11-14-112308.png\" alt=\"\" class=\"wp-image-577 size-full\" srcset=\"https:\/\/ofertasbyreichel.es\/wp-content\/uploads\/2024\/11\/Captura-de-pantalla-2024-11-14-112308.png 333w, https:\/\/ofertasbyreichel.es\/wp-content\/uploads\/2024\/11\/Captura-de-pantalla-2024-11-14-112308-257x300.png 257w\" sizes=\"auto, (max-width: 333px) 100vw, 333px\" \/><\/a><\/figure><div class=\"wp-block-media-text__content\">\n<p style=\"font-size:clamp(14.082px, 0.88rem + ((1vw - 3.2px) * 0.641), 21px);\"><em><strong><a href=\"https:\/\/app.temu.com\/m\/n8f2a2q5qwp\" title=\"\">Im\u00e1n escena beso bajo la lluvia<\/a><\/strong><\/em> (17)<\/p>\n<\/div><\/div>\n\n\n\n<div style=\"height:41px\" aria-hidden=\"true\" class=\"wp-block-spacer\"><\/div>\n\n\n\n<div class=\"wp-block-media-text is-stacked-on-mobile has-base-color has-custom-color-3-background-color has-text-color has-background has-link-color wp-elements-7543bdbe870d6311a69e939d4615b096\" style=\"margin-top:0px;margin-right:0px;margin-bottom:0px;margin-left:0px;padding-top:0px;padding-right:0px;padding-bottom:0px;padding-left:0px;grid-template-columns:37% auto\"><figure class=\"wp-block-media-text__media\"><a href=\"https:\/\/app.temu.com\/m\/na0e78ue7n8\"><img loading=\"lazy\" decoding=\"async\" width=\"461\" height=\"435\" src=\"https:\/\/ofertasbyreichel.es\/wp-content\/uploads\/2024\/11\/Captura-de-pantalla-2024-11-14-112857.png\" alt=\"\" class=\"wp-image-581 size-full\" srcset=\"https:\/\/ofertasbyreichel.es\/wp-content\/uploads\/2024\/11\/Captura-de-pantalla-2024-11-14-112857.png 461w, https:\/\/ofertasbyreichel.es\/wp-content\/uploads\/2024\/11\/Captura-de-pantalla-2024-11-14-112857-300x283.png 300w\" sizes=\"auto, (max-width: 461px) 100vw, 461px\" \/><\/a><\/figure><div class=\"wp-block-media-text__content\">\n<p style=\"font-size:clamp(14.082px, 0.88rem + ((1vw - 3.2px) * 0.641), 21px);\"><em><strong><a href=\"https:\/\/app.temu.com\/m\/na0e78ue7n8\" title=\"\">Llavero Los Originales<\/a><\/strong><\/em> (18)<\/p>\n<\/div><\/div>\n\n\n\n<div style=\"height:41px\" aria-hidden=\"true\" class=\"wp-block-spacer\"><\/div>\n\n\n\n<div class=\"wp-block-media-text is-stacked-on-mobile has-base-color has-custom-color-3-background-color has-text-color has-background has-link-color wp-elements-2fc187ecf5ecf3b767e3fe43c2c8309c\" style=\"margin-top:0px;margin-right:0px;margin-bottom:0px;margin-left:0px;padding-top:0px;padding-right:0px;padding-bottom:0px;padding-left:0px;grid-template-columns:37% auto\"><figure class=\"wp-block-media-text__media\"><a href=\"https:\/\/amzn.to\/4ewKAg2\"><img loading=\"lazy\" decoding=\"async\" width=\"889\" height=\"526\" src=\"https:\/\/ofertasbyreichel.es\/wp-content\/uploads\/2024\/11\/Captura-de-pantalla-2024-11-14-104350.png\" alt=\"\" class=\"wp-image-561 size-full\" srcset=\"https:\/\/ofertasbyreichel.es\/wp-content\/uploads\/2024\/11\/Captura-de-pantalla-2024-11-14-104350.png 889w, https:\/\/ofertasbyreichel.es\/wp-content\/uploads\/2024\/11\/Captura-de-pantalla-2024-11-14-104350-300x178.png 300w, https:\/\/ofertasbyreichel.es\/wp-content\/uploads\/2024\/11\/Captura-de-pantalla-2024-11-14-104350-768x454.png 768w\" sizes=\"auto, (max-width: 889px) 100vw, 889px\" \/><\/a><\/figure><div class=\"wp-block-media-text__content\">\n<p style=\"font-size:clamp(14.082px, 0.88rem + ((1vw - 3.2px) * 0.641), 21px);\"><em><strong><a href=\"https:\/\/amzn.to\/4ewKAg2\" title=\"Calcetines Damon Salvatore \">Pulsera que le regal\u00f3 Klaus a Caroline <\/a><\/strong><\/em> (19)<\/p>\n<\/div><\/div>\n\n\n\n<div style=\"height:41px\" aria-hidden=\"true\" class=\"wp-block-spacer\"><\/div>\n\n\n\n<div class=\"wp-block-media-text is-stacked-on-mobile has-base-color has-custom-color-3-background-color has-text-color has-background has-link-color wp-elements-8c1bc27e5933f917dc6f6c39a8017d92\" style=\"margin-top:0px;margin-right:0px;margin-bottom:0px;margin-left:0px;padding-top:0px;padding-right:0px;padding-bottom:0px;padding-left:0px;grid-template-columns:37% auto\"><figure class=\"wp-block-media-text__media\"><a href=\"https:\/\/app.temu.com\/m\/n38tudgtvy1\"><img loading=\"lazy\" decoding=\"async\" width=\"446\" height=\"424\" src=\"https:\/\/ofertasbyreichel.es\/wp-content\/uploads\/2024\/11\/Captura-de-pantalla-2024-11-14-105842.png\" alt=\"\" class=\"wp-image-570 size-full\" srcset=\"https:\/\/ofertasbyreichel.es\/wp-content\/uploads\/2024\/11\/Captura-de-pantalla-2024-11-14-105842.png 446w, https:\/\/ofertasbyreichel.es\/wp-content\/uploads\/2024\/11\/Captura-de-pantalla-2024-11-14-105842-300x285.png 300w\" sizes=\"auto, (max-width: 446px) 100vw, 446px\" \/><\/a><\/figure><div class=\"wp-block-media-text__content\">\n<p style=\"font-size:clamp(14.082px, 0.88rem + ((1vw - 3.2px) * 0.641), 21px);\"><em><strong><a href=\"https:\/\/app.temu.com\/m\/nt9pmptjsy1\" title=\"4 Llaveros acr\u00edlicos \">Llavero: Hello Brother<\/a><\/strong><\/em> (23)<\/p>\n<\/div><\/div>\n\n\n\n<div style=\"height:41px\" aria-hidden=\"true\" class=\"wp-block-spacer\"><\/div>\n\n\n\n<div class=\"wp-block-media-text is-stacked-on-mobile has-base-color has-custom-color-3-background-color has-text-color has-background has-link-color wp-elements-11e2fa0e716fa4f1abdba60c0c676b8d\" style=\"margin-top:0px;margin-right:0px;margin-bottom:0px;margin-left:0px;padding-top:0px;padding-right:0px;padding-bottom:0px;padding-left:0px;grid-template-columns:37% auto\"><figure class=\"wp-block-media-text__media\"><a href=\"https:\/\/ofertasbyreichel.es\/index.php\/tote-bags-cronicas-vampiricas\/\"><img loading=\"lazy\" decoding=\"async\" width=\"399\" height=\"357\" src=\"https:\/\/ofertasbyreichel.es\/wp-content\/uploads\/2024\/11\/Captura-de-pantalla-2024-11-14-104550.png\" alt=\"\" class=\"wp-image-563 size-full\" srcset=\"https:\/\/ofertasbyreichel.es\/wp-content\/uploads\/2024\/11\/Captura-de-pantalla-2024-11-14-104550.png 399w, https:\/\/ofertasbyreichel.es\/wp-content\/uploads\/2024\/11\/Captura-de-pantalla-2024-11-14-104550-300x268.png 300w\" sizes=\"auto, (max-width: 399px) 100vw, 399px\" \/><\/a><\/figure><div class=\"wp-block-media-text__content\">\n<p style=\"font-size:clamp(14.082px, 0.88rem + ((1vw - 3.2px) * 0.641), 21px);\"><em><strong><a href=\"https:\/\/ofertasbyreichel.es\/index.php\/tote-bags-cronicas-vampiricas\/\" title=\"Calcetines Damon Salvatore \">Tote Bags<\/a><\/strong><\/em> (24) te he dejado varias opciones.<\/p>\n<\/div><\/div>\n\n\n\n<p><\/p>\n","protected":false},"excerpt":{"rendered":"<p>DOS OPCIONES DE CALENDARIO DE ADVIENTO \u2b07\ufe0f Temu 20\u20acMi favorita: os puede salir casi GRATIS con los cupones Amazon 6\u20acBolsas de papel + Stickers (el m\u00e1s b\u00e1sico) Regalitos \u2b07\ufe0f 8. Accesorios personajes principales Los podr\u00edais comprar por separada pero as\u00ed es como os sale mejor de precio (Accesorios repartidos en los n\u00ba: 1-3-4-6-11-20-21-22)+ Pegatinas (02) [&hellip;]<\/p>\n","protected":false},"author":1,"featured_media":0,"parent":0,"menu_order":0,"comment_status":"closed","ping_status":"closed","template":"","meta":{"_uf_show_specific_survey":0,"_uf_disable_surveys":false,"footnotes":""},"class_list":["post-532","page","type-page","status-publish","hentry"],"aioseo_notices":[],"_links":{"self":[{"href":"https:\/\/ofertasbyreichel.es\/index.php\/wp-json\/wp\/v2\/pages\/532","targetHints":{"allow":["GET"]}}],"collection":[{"href":"https:\/\/ofertasbyreichel.es\/index.php\/wp-json\/wp\/v2\/pages"}],"about":[{"href":"https:\/\/ofertasbyreichel.es\/index.php\/wp-json\/wp\/v2\/types\/page"}],"author":[{"embeddable":true,"href":"https:\/\/ofertasbyreichel.es\/index.php\/wp-json\/wp\/v2\/users\/1"}],"replies":[{"embeddable":true,"href":"https:\/\/ofertasbyreichel.es\/index.php\/wp-json\/wp\/v2\/comments?post=532"}],"version-history":[{"count":26,"href":"https:\/\/ofertasbyreichel.es\/index.php\/wp-json\/wp\/v2\/pages\/532\/revisions"}],"predecessor-version":[{"id":601,"href":"https:\/\/ofertasbyreichel.es\/index.php\/wp-json\/wp\/v2\/pages\/532\/revisions\/601"}],"wp:attachment":[{"href":"https:\/\/ofertasbyreichel.es\/index.php\/wp-json\/wp\/v2\/media?parent=532"}],"curies":[{"name":"wp","href":"https:\/\/api.w.org\/{rel}","templated":true}]}}