{"id":99,"date":"2024-08-09T10:49:07","date_gmt":"2024-08-09T10:49:07","guid":{"rendered":"https:\/\/ofertasbyreichel.es\/?page_id=99"},"modified":"2025-11-08T19:24:36","modified_gmt":"2025-11-08T19:24:36","slug":"pagina-de-inicio","status":"publish","type":"page","link":"https:\/\/ofertasbyreichel.es\/","title":{"rendered":"Merchandising"},"content":{"rendered":"\n<p class=\"has-contrast-color has-text-color has-link-color wp-elements-d56779d344d4dda54f889dc1e8721a07\" style=\"font-size:clamp(0.875rem, 0.875rem + ((1vw - 0.2rem) * 0.185), 1rem);\"><em>(Perdonarme por la web, estoy retoc\u00e1ndola poco a poco, de mientras b\u00e1sica pero entendible)<\/em><\/p>\n\n\n\n<div style=\"height:25px\" aria-hidden=\"true\" class=\"wp-block-spacer\"><\/div>\n\n\n\n<p class=\"has-contrast-color has-luminous-vivid-amber-background-color has-text-color has-background has-link-color wp-elements-3a4e48dc4eb0d6fac54c4e8b45e1493a\" style=\"padding-top:0px;padding-right:0px;padding-bottom:0px;padding-left:0px;font-size:clamp(0.875rem, 0.875rem + ((1vw - 0.2rem) * 0.185), 1rem);\"><em>Que por cierto ten\u00e9is 200\u20ac en cupones de Temu descarg\u00e1ndote la app<\/em> <em><strong><a href=\"https:\/\/app.temu.com\/m\/umyuxsfp2rp\" title=\"\">aqu\u00ed<\/a><\/strong><\/em><\/p>\n\n\n\n<div style=\"height:25px\" aria-hidden=\"true\" class=\"wp-block-spacer\"><\/div>\n\n\n\n<p class=\"has-contrast-color has-text-color has-link-color wp-elements-bd1ef235db1a2e96cf8fbe9076eff703\" style=\"font-size:clamp(1.198rem, 1.198rem + ((1vw - 0.2rem) * 1.04), 1.9rem);\"><strong>CANALES DE TELEGRAM <\/strong>\u2b07\ufe0f<\/p>\n\n\n\n<div style=\"height:25px\" aria-hidden=\"true\" class=\"wp-block-spacer\"><\/div>\n\n\n\n<div class=\"wp-block-buttons is-content-justification-center is-layout-flex wp-container-core-buttons-is-layout-a89b3969 wp-block-buttons-is-layout-flex\">\n<div class=\"wp-block-button\"><a class=\"wp-block-button__link wp-element-button\" href=\"https:\/\/t.me\/cronicasvampiricasbyreichels\" style=\"padding-right:41px;padding-left:41px\">CR\u00d3NICAS VAMP\u00cdRICAS \ud83e\ude78<\/a><\/div>\n<\/div>\n\n\n\n<div style=\"height:25px\" aria-hidden=\"true\" class=\"wp-block-spacer\"><\/div>\n\n\n\n<div class=\"wp-block-buttons is-content-justification-center is-layout-flex wp-container-core-buttons-is-layout-a89b3969 wp-block-buttons-is-layout-flex\">\n<div class=\"wp-block-button\"><a class=\"wp-block-button__link wp-element-button\" href=\"https:\/\/t.me\/merchandisingseriesfav\" style=\"padding-right:48px;padding-left:48px\">SERIES QUE AMAMOS \ud83d\udc97 <\/a><\/div>\n<\/div>\n\n\n\n<p class=\"has-contrast-color has-text-color has-link-color wp-elements-aeee9f4f87e27d72919a53f35566ffe2\" style=\"font-size:clamp(17.905px, 1.119rem + ((1vw - 3.2px) * 0.935), 28px);\"><br><strong>ENLACES DIRECTAMENTE A LOS PRODUCTOS<\/strong> \u2b07\ufe0f<\/p>\n\n\n\n<div style=\"height:41px\" aria-hidden=\"true\" class=\"wp-block-spacer\"><\/div>\n\n\n\n<div class=\"wp-block-media-text has-base-color has-custom-color-3-background-color has-text-color has-background has-link-color wp-elements-0f1739eaf8aded44728281f5b84c39ac\" style=\"margin-top:0px;margin-right:0px;margin-bottom:0px;margin-left:0px;padding-top:0px;padding-right:0px;padding-bottom:0px;padding-left:0px;grid-template-columns:37% auto\"><figure class=\"wp-block-media-text__media\"><a href=\"https:\/\/ofertasbyreichel.es\/index.php\/calendario-de-adviento-personalizado\/\"><img loading=\"lazy\" decoding=\"async\" width=\"489\" height=\"387\" src=\"https:\/\/ofertasbyreichel.es\/wp-content\/uploads\/2024\/11\/Captura-de-pantalla-2024-11-14-100439.png\" alt=\"\" class=\"wp-image-537 size-full\" srcset=\"https:\/\/ofertasbyreichel.es\/wp-content\/uploads\/2024\/11\/Captura-de-pantalla-2024-11-14-100439.png 489w, https:\/\/ofertasbyreichel.es\/wp-content\/uploads\/2024\/11\/Captura-de-pantalla-2024-11-14-100439-300x237.png 300w\" sizes=\"auto, (max-width: 489px) 100vw, 489px\" \/><\/a><\/figure><div class=\"wp-block-media-text__content\">\n<p style=\"font-size:14px\"><em><strong><a href=\"https:\/\/ofertasbyreichel.es\/index.php\/calendario-de-adviento-personalizado\/\" title=\"\">Calendarios de advientos personalizados de series \/ pelis<\/a><\/strong><\/em><\/p>\n<\/div><\/div>\n\n\n\n<div style=\"height:41px\" aria-hidden=\"true\" class=\"wp-block-spacer\"><\/div>\n\n\n\n<div class=\"wp-block-media-text has-base-color has-custom-color-3-background-color has-text-color has-background has-link-color wp-elements-02a1fe06629ad582d2bd93928b2e3dad\" style=\"margin-top:0px;margin-right:0px;margin-bottom:0px;margin-left:0px;padding-top:0px;padding-right:0px;padding-bottom:0px;padding-left:0px;grid-template-columns:37% auto\"><figure class=\"wp-block-media-text__media\"><a href=\"http:\/\/ofertasbyreichel.es\/index.php\/merchandising-cronicas-vampiricas\/\"><img loading=\"lazy\" decoding=\"async\" width=\"500\" height=\"516\" src=\"https:\/\/ofertasbyreichel.es\/wp-content\/uploads\/2025\/11\/Captura-de-pantalla-2025-11-08-a-las-19.46.22.png\" alt=\"\" class=\"wp-image-627 size-full\" srcset=\"https:\/\/ofertasbyreichel.es\/wp-content\/uploads\/2025\/11\/Captura-de-pantalla-2025-11-08-a-las-19.46.22.png 500w, https:\/\/ofertasbyreichel.es\/wp-content\/uploads\/2025\/11\/Captura-de-pantalla-2025-11-08-a-las-19.46.22-291x300.png 291w\" sizes=\"auto, (max-width: 500px) 100vw, 500px\" \/><\/a><\/figure><div class=\"wp-block-media-text__content\">\n<p><em><strong><a href=\"http:\/\/ofertasbyreichel.es\/index.php\/merchandising-cronicas-vampiricas\/\" title=\"CRONICAS VAMPIRICAS\">CRONICAS VAMPIRICAS<\/a><\/strong><\/em><\/p>\n<\/div><\/div>\n\n\n\n<div style=\"height:41px\" aria-hidden=\"true\" class=\"wp-block-spacer\"><\/div>\n\n\n\n<div class=\"wp-block-media-text has-base-color has-custom-color-3-background-color has-text-color has-background has-link-color wp-elements-bb383d709348f218c2d504a3a962423f\" style=\"margin-top:0px;margin-right:0px;margin-bottom:0px;margin-left:0px;padding-top:0px;padding-right:0px;padding-bottom:0px;padding-left:0px;grid-template-columns:37% auto\"><figure class=\"wp-block-media-text__media\"><a href=\"https:\/\/ofertasbyreichel.es\/index.php\/culpa-mia\/\"><img loading=\"lazy\" decoding=\"async\" width=\"1024\" height=\"615\" src=\"https:\/\/ofertasbyreichel.es\/wp-content\/uploads\/2025\/11\/Captura-de-pantalla-2025-11-08-a-las-19.45.44-1024x615.png\" alt=\"\" class=\"wp-image-626 size-full\" srcset=\"https:\/\/ofertasbyreichel.es\/wp-content\/uploads\/2025\/11\/Captura-de-pantalla-2025-11-08-a-las-19.45.44-1024x615.png 1024w, https:\/\/ofertasbyreichel.es\/wp-content\/uploads\/2025\/11\/Captura-de-pantalla-2025-11-08-a-las-19.45.44-300x180.png 300w, https:\/\/ofertasbyreichel.es\/wp-content\/uploads\/2025\/11\/Captura-de-pantalla-2025-11-08-a-las-19.45.44-768x462.png 768w, https:\/\/ofertasbyreichel.es\/wp-content\/uploads\/2025\/11\/Captura-de-pantalla-2025-11-08-a-las-19.45.44.png 1128w\" sizes=\"auto, (max-width: 1024px) 100vw, 1024px\" \/><\/a><\/figure><div class=\"wp-block-media-text__content\">\n<p><em><strong><a href=\"https:\/\/ofertasbyreichel.es\/index.php\/culpa-mia\/\" title=\"CULPA MIA\">CULPA MIA<\/a><\/strong><\/em><\/p>\n<\/div><\/div>\n\n\n\n<div style=\"height:41px\" aria-hidden=\"true\" class=\"wp-block-spacer\"><\/div>\n\n\n\n<div class=\"wp-block-media-text has-base-color has-custom-color-3-background-color has-text-color has-background has-link-color wp-elements-739eac1bfd47eb49950bc5518eb7f61e\" style=\"margin-top:0px;margin-right:0px;margin-bottom:0px;margin-left:0px;padding-top:0px;padding-right:0px;padding-bottom:0px;padding-left:0px;grid-template-columns:37% auto\"><figure class=\"wp-block-media-text__media\"><a href=\"https:\/\/ofertasbyreichel.es\/index.php\/maxton-hall\/\"><img loading=\"lazy\" decoding=\"async\" width=\"918\" height=\"642\" src=\"https:\/\/ofertasbyreichel.es\/wp-content\/uploads\/2025\/11\/Captura-de-pantalla-2025-11-08-a-las-19.45.10.png\" alt=\"\" class=\"wp-image-625 size-full\" srcset=\"https:\/\/ofertasbyreichel.es\/wp-content\/uploads\/2025\/11\/Captura-de-pantalla-2025-11-08-a-las-19.45.10.png 918w, https:\/\/ofertasbyreichel.es\/wp-content\/uploads\/2025\/11\/Captura-de-pantalla-2025-11-08-a-las-19.45.10-300x210.png 300w, https:\/\/ofertasbyreichel.es\/wp-content\/uploads\/2025\/11\/Captura-de-pantalla-2025-11-08-a-las-19.45.10-768x537.png 768w\" sizes=\"auto, (max-width: 918px) 100vw, 918px\" \/><\/a><\/figure><div class=\"wp-block-media-text__content\">\n<p><em><strong><a href=\"https:\/\/ofertasbyreichel.es\/index.php\/maxton-hall\/\" title=\"CULPA MIA\">MAXTON HALL<\/a><\/strong><\/em><\/p>\n<\/div><\/div>\n\n\n\n<div style=\"height:41px\" aria-hidden=\"true\" class=\"wp-block-spacer\"><\/div>\n\n\n\n<div class=\"wp-block-media-text has-base-color has-custom-color-3-background-color has-text-color has-background has-link-color wp-elements-594ba7b3c6f7c67deba3ef229e7b9b86\" style=\"margin-top:0px;margin-right:0px;margin-bottom:0px;margin-left:0px;padding-top:0px;padding-right:0px;padding-bottom:0px;padding-left:0px;grid-template-columns:37% auto\"><figure class=\"wp-block-media-text__media\"><a href=\"https:\/\/ofertasbyreichel.es\/index.php\/el-verano-en-que-me-enamore\/\"><img loading=\"lazy\" decoding=\"async\" width=\"432\" height=\"460\" src=\"https:\/\/ofertasbyreichel.es\/wp-content\/uploads\/2025\/11\/Captura-de-pantalla-2025-11-08-a-las-20.13.23.png\" alt=\"\" class=\"wp-image-640 size-full\" srcset=\"https:\/\/ofertasbyreichel.es\/wp-content\/uploads\/2025\/11\/Captura-de-pantalla-2025-11-08-a-las-20.13.23.png 432w, https:\/\/ofertasbyreichel.es\/wp-content\/uploads\/2025\/11\/Captura-de-pantalla-2025-11-08-a-las-20.13.23-282x300.png 282w\" sizes=\"auto, (max-width: 432px) 100vw, 432px\" \/><\/a><\/figure><div class=\"wp-block-media-text__content\">\n<p><strong><em><a href=\"https:\/\/ofertasbyreichel.es\/index.php\/el-verano-en-que-me-enamore\/\" title=\"\">EL VERANO EN QUE ME ENAMOR\u00c9<\/a><\/em><\/strong><\/p>\n<\/div><\/div>\n\n\n\n<div style=\"height:41px\" aria-hidden=\"true\" class=\"wp-block-spacer\"><\/div>\n\n\n\n<div class=\"wp-block-media-text has-base-color has-custom-color-3-background-color has-text-color has-background has-link-color wp-elements-c44705bc2ade212019fad50f54997b12\" style=\"margin-top:0px;margin-right:0px;margin-bottom:0px;margin-left:0px;padding-top:0px;padding-right:0px;padding-bottom:0px;padding-left:0px;grid-template-columns:37% auto\"><figure class=\"wp-block-media-text__media\"><a href=\"https:\/\/ofertasbyreichel.es\/index.php\/outer-banks\/\"><img loading=\"lazy\" decoding=\"async\" width=\"384\" height=\"459\" src=\"https:\/\/ofertasbyreichel.es\/wp-content\/uploads\/2024\/11\/Captura-de-pantalla-2024-11-09-113439.png\" alt=\"\" class=\"wp-image-376 size-full\" srcset=\"https:\/\/ofertasbyreichel.es\/wp-content\/uploads\/2024\/11\/Captura-de-pantalla-2024-11-09-113439.png 384w, https:\/\/ofertasbyreichel.es\/wp-content\/uploads\/2024\/11\/Captura-de-pantalla-2024-11-09-113439-251x300.png 251w\" sizes=\"auto, (max-width: 384px) 100vw, 384px\" \/><\/a><\/figure><div class=\"wp-block-media-text__content\">\n<p><em><strong><a href=\"https:\/\/ofertasbyreichel.es\/index.php\/outer-banks\/\" title=\"\">OUTER BANKS<\/a><\/strong><\/em><\/p>\n<\/div><\/div>\n\n\n\n<div style=\"height:41px\" aria-hidden=\"true\" class=\"wp-block-spacer\"><\/div>\n\n\n\n<div class=\"wp-block-media-text has-base-color has-custom-color-3-background-color has-text-color has-background has-link-color wp-elements-3e8171da0854c85b7bcca6a0a06eccfd\" style=\"margin-top:0px;margin-right:0px;margin-bottom:0px;margin-left:0px;padding-top:0px;padding-right:0px;padding-bottom:0px;padding-left:0px;grid-template-columns:37% auto\"><figure class=\"wp-block-media-text__media\"><a href=\"https:\/\/s.click.aliexpress.com\/e\/_DliPLet\"><img loading=\"lazy\" decoding=\"async\" width=\"278\" height=\"294\" src=\"http:\/\/ofertasbyreichel.es\/wp-content\/uploads\/2024\/11\/Captura-de-pantalla-2024-11-04-141750.png\" alt=\"\" class=\"wp-image-372 size-full\"\/><\/a><\/figure><div class=\"wp-block-media-text__content\">\n<p><em><strong><a href=\"https:\/\/s.click.aliexpress.com\/e\/_DkHqXhB\" title=\"\">FUNDA HAILEY BIEBER<\/a><\/strong><\/em> <\/p>\n<\/div><\/div>\n\n\n\n<div style=\"height:41px\" aria-hidden=\"true\" class=\"wp-block-spacer\"><\/div>\n\n\n\n<div class=\"wp-block-media-text has-base-color has-custom-color-3-background-color has-text-color has-background has-link-color wp-elements-1f06149e5ea6be8d5dea322b9213079d\" style=\"margin-top:0px;margin-right:0px;margin-bottom:0px;margin-left:0px;padding-top:0px;padding-right:0px;padding-bottom:0px;padding-left:0px;grid-template-columns:37% auto\"><figure class=\"wp-block-media-text__media\"><a href=\"https:\/\/amzn.to\/3TPE10j\"><img loading=\"lazy\" decoding=\"async\" width=\"418\" height=\"497\" src=\"https:\/\/ofertasbyreichel.es\/wp-content\/uploads\/2024\/10\/Captura-de-pantalla-2024-10-04-092329.png\" alt=\"\" class=\"wp-image-336 size-full\" srcset=\"https:\/\/ofertasbyreichel.es\/wp-content\/uploads\/2024\/10\/Captura-de-pantalla-2024-10-04-092329.png 418w, https:\/\/ofertasbyreichel.es\/wp-content\/uploads\/2024\/10\/Captura-de-pantalla-2024-10-04-092329-252x300.png 252w\" sizes=\"auto, (max-width: 418px) 100vw, 418px\" \/><\/a><\/figure><div class=\"wp-block-media-text__content\">\n<p><em><strong><a href=\"https:\/\/amzn.to\/3TPE10j\">PRINCESAS DISNEY<\/a><\/strong><\/em><\/p>\n<\/div><\/div>\n\n\n\n<div style=\"height:41px\" aria-hidden=\"true\" class=\"wp-block-spacer\"><\/div>\n\n\n\n<div class=\"wp-block-media-text has-base-color has-custom-color-3-background-color has-text-color has-background has-link-color wp-elements-6bdda8c51000e951157f969aeeba34fa\" style=\"margin-top:0px;margin-right:0px;margin-bottom:0px;margin-left:0px;padding-top:0px;padding-right:0px;padding-bottom:0px;padding-left:0px;grid-template-columns:37% auto\"><figure class=\"wp-block-media-text__media\"><a href=\"https:\/\/amzn.to\/4eQ4Qtv\"><img loading=\"lazy\" decoding=\"async\" width=\"409\" height=\"505\" src=\"https:\/\/ofertasbyreichel.es\/wp-content\/uploads\/2024\/10\/Captura-de-pantalla-2024-10-04-102349.png\" alt=\"\" class=\"wp-image-343 size-full\" srcset=\"https:\/\/ofertasbyreichel.es\/wp-content\/uploads\/2024\/10\/Captura-de-pantalla-2024-10-04-102349.png 409w, https:\/\/ofertasbyreichel.es\/wp-content\/uploads\/2024\/10\/Captura-de-pantalla-2024-10-04-102349-243x300.png 243w\" sizes=\"auto, (max-width: 409px) 100vw, 409px\" \/><\/a><\/figure><div class=\"wp-block-media-text__content\">\n<p><em><strong><a href=\"https:\/\/amzn.to\/4eQ4Qtv\">GRANDES CL\u00c1SICOS<\/a><\/strong><\/em><\/p>\n<\/div><\/div>\n\n\n\n<div style=\"height:41px\" aria-hidden=\"true\" class=\"wp-block-spacer\"><\/div>\n\n\n\n<div class=\"wp-block-media-text has-base-color has-custom-color-3-background-color has-text-color has-background has-link-color wp-elements-a40ac888e9d2516aeb4adf4cbe1143ce\" style=\"margin-top:0px;margin-right:0px;margin-bottom:0px;margin-left:0px;padding-top:0px;padding-right:0px;padding-bottom:0px;padding-left:0px;grid-template-columns:37% auto\"><figure class=\"wp-block-media-text__media\"><a href=\"https:\/\/amzn.to\/4eRdGai\"><img loading=\"lazy\" decoding=\"async\" width=\"384\" height=\"506\" src=\"https:\/\/ofertasbyreichel.es\/wp-content\/uploads\/2024\/10\/Captura-de-pantalla-2024-10-04-102503.png\" alt=\"\" class=\"wp-image-345 size-full\" srcset=\"https:\/\/ofertasbyreichel.es\/wp-content\/uploads\/2024\/10\/Captura-de-pantalla-2024-10-04-102503.png 384w, https:\/\/ofertasbyreichel.es\/wp-content\/uploads\/2024\/10\/Captura-de-pantalla-2024-10-04-102503-228x300.png 228w\" sizes=\"auto, (max-width: 384px) 100vw, 384px\" \/><\/a><\/figure><div class=\"wp-block-media-text__content\">\n<p><em><strong><a href=\"https:\/\/amzn.to\/4eRdGai\">DISNEY BABYS<\/a><\/strong><\/em><\/p>\n<\/div><\/div>\n\n\n\n<div style=\"height:41px\" aria-hidden=\"true\" class=\"wp-block-spacer\"><\/div>\n\n\n\n<div class=\"wp-block-media-text has-base-color has-custom-color-3-background-color has-text-color has-background has-link-color wp-elements-8221c69f9171c07fc1ff9b1126cb64f1\" style=\"margin-top:0px;margin-right:0px;margin-bottom:0px;margin-left:0px;padding-top:0px;padding-right:0px;padding-bottom:0px;padding-left:0px;grid-template-columns:37% auto\"><figure class=\"wp-block-media-text__media\"><a href=\"https:\/\/amzn.to\/3ZPaAiO\"><img loading=\"lazy\" decoding=\"async\" width=\"562\" height=\"504\" src=\"https:\/\/ofertasbyreichel.es\/wp-content\/uploads\/2024\/10\/Captura-de-pantalla-2024-10-04-092550.png\" alt=\"\" class=\"wp-image-338 size-full\" srcset=\"https:\/\/ofertasbyreichel.es\/wp-content\/uploads\/2024\/10\/Captura-de-pantalla-2024-10-04-092550.png 562w, https:\/\/ofertasbyreichel.es\/wp-content\/uploads\/2024\/10\/Captura-de-pantalla-2024-10-04-092550-300x269.png 300w\" sizes=\"auto, (max-width: 562px) 100vw, 562px\" \/><\/a><\/figure><div class=\"wp-block-media-text__content\">\n<p><em><strong><a href=\"https:\/\/amzn.to\/3ZPaAiO\">ROTULADORES ACR\u00cdLICOS (120)<\/a><\/strong><\/em><\/p>\n<\/div><\/div>\n\n\n\n<div style=\"height:41px\" aria-hidden=\"true\" class=\"wp-block-spacer\"><\/div>\n\n\n\n<div class=\"wp-block-media-text has-base-color has-custom-color-3-background-color has-text-color has-background has-link-color wp-elements-37338a764a95a6bb228f8ee6be1e36ca\" style=\"margin-top:0px;margin-right:0px;margin-bottom:0px;margin-left:0px;padding-top:0px;padding-right:0px;padding-bottom:0px;padding-left:0px;grid-template-columns:37% auto\"><figure class=\"wp-block-media-text__media\"><a href=\"https:\/\/amzn.to\/3zWR4Gy\"><img loading=\"lazy\" decoding=\"async\" width=\"530\" height=\"457\" src=\"https:\/\/ofertasbyreichel.es\/wp-content\/uploads\/2024\/10\/Captura-de-pantalla-2024-10-04-102207.png\" alt=\"\" class=\"wp-image-341 size-full\" srcset=\"https:\/\/ofertasbyreichel.es\/wp-content\/uploads\/2024\/10\/Captura-de-pantalla-2024-10-04-102207.png 530w, https:\/\/ofertasbyreichel.es\/wp-content\/uploads\/2024\/10\/Captura-de-pantalla-2024-10-04-102207-300x259.png 300w\" sizes=\"auto, (max-width: 530px) 100vw, 530px\" \/><\/a><\/figure><div class=\"wp-block-media-text__content\">\n<p><em><strong><a href=\"https:\/\/amzn.to\/3zWR4Gy\">ROTULADORES ACR\u00cdLICOS (56)<\/a><\/strong><\/em><\/p>\n<\/div><\/div>\n\n\n\n<div style=\"height:41px\" aria-hidden=\"true\" class=\"wp-block-spacer\"><\/div>\n\n\n\n<div class=\"wp-block-buttons is-content-justification-center is-layout-flex wp-container-core-buttons-is-layout-a89b3969 wp-block-buttons-is-layout-flex\">\n<div class=\"wp-block-button is-style-fill\"><a class=\"wp-block-button__link has-contrast-color has-luminous-vivid-amber-background-color has-text-color has-background has-link-color has-text-align-center wp-element-button\" href=\"https:\/\/temu.to\/m\/ulsxphccrmn\" style=\"border-radius:100px;padding-right:0px;padding-left:0px\">DESCARGATE TEMU AQU\u00cd PARA OBTENER <strong>100\u20ac EN CUPONES<\/strong><\/a><\/div>\n\n\n\n<div class=\"wp-block-button is-style-fill\"><a class=\"wp-block-button__link has-medium-font-size has-text-align-center has-custom-font-size wp-element-button\" href=\"https:\/\/ofertasbyreichel.es\/index.php\/298-2\/\" style=\"padding-right:114px;padding-left:114px\">LIBROS<\/a><\/div>\n\n\n\n<div class=\"wp-block-button is-style-fill\"><a class=\"wp-block-button__link has-medium-font-size has-text-align-center has-custom-font-size wp-element-button\" href=\"https:\/\/ofertasbyreichel.es\/index.php\/cajas-regalos-rituals\/\" style=\"padding-right:48px;padding-left:48px\">CAJAS REGALOS RITUALS<\/a><\/div>\n\n\n\n<div class=\"wp-block-button is-style-fill\"><a class=\"wp-block-button__link has-text-align-center wp-element-button\" href=\"http:\/\/ofertasbyreichel.es\/index.php\/regalos-series\/\" style=\"padding-right:79px;padding-left:79px\">REGALOS SERIES<\/a><\/div>\n\n\n\n<div class=\"wp-block-button is-style-fill\"><a class=\"wp-block-button__link has-text-align-center wp-element-button\" href=\"http:\/\/ofertasbyreichel.es\/index.php\/material-escolar\/\" style=\"padding-right:70px;padding-left:70px\">MATERIAL ESCOLAR<\/a><\/div>\n\n\n\n<div class=\"wp-block-button is-style-fill\"><a class=\"wp-block-button__link has-text-align-center wp-element-button\" href=\"http:\/\/ofertasbyreichel.es\/index.php\/peliculas\/\" style=\"border-radius:100px;padding-right:64px;padding-left:64px\">REGALOS PEL\u00cdCULAS<\/a><\/div>\n\n\n\n<div class=\"wp-block-button is-style-fill\"><a class=\"wp-block-button__link has-text-align-center wp-element-button\" href=\"http:\/\/ofertasbyreichel.es\/index.php\/higiene-bucal\/https:\/\/ofertasbyreichel.es\/index.php\/higiene\/\" style=\"border-radius:100px;padding-right:110px;padding-left:110px\">HIGIENE <\/a><\/div>\n\n\n\n<div class=\"wp-block-button is-style-fill\"><a class=\"wp-block-button__link has-text-align-center wp-element-button\" href=\"http:\/\/ofertasbyreichel.es\/index.php\/kit-para-generar-contenido\/\" style=\"border-radius:100px;padding-right:33px;padding-left:33px\"><strong>K<\/strong>IT PARA GRABAR CONTENIDO<\/a><\/div>\n\n\n\n<div class=\"wp-block-button is-style-fill\"><a class=\"wp-block-button__link has-medium-font-size has-text-align-center has-custom-font-size wp-element-button\" href=\"https:\/\/ofertasbyreichel.es\/index.php\/rituals\/\" style=\"padding-right:114px;padding-left:114px\">RITUALS <\/a><\/div>\n<\/div>\n\n\n\n<div style=\"height:30px\" aria-hidden=\"true\" class=\"wp-block-spacer\"><\/div>\n","protected":false},"excerpt":{"rendered":"<p>(Perdonarme por la web, estoy retoc\u00e1ndola poco a poco, de mientras b\u00e1sica pero entendible) Que por cierto ten\u00e9is 200\u20ac en cupones de Temu descarg\u00e1ndote la app aqu\u00ed CANALES DE TELEGRAM \u2b07\ufe0f ENLACES DIRECTAMENTE A LOS PRODUCTOS \u2b07\ufe0f Calendarios de advientos personalizados de series \/ pelis CRONICAS VAMPIRICAS CULPA MIA MAXTON HALL EL VERANO EN QUE [&hellip;]<\/p>\n","protected":false},"author":1,"featured_media":0,"parent":0,"menu_order":0,"comment_status":"closed","ping_status":"closed","template":"","meta":{"_uf_show_specific_survey":0,"_uf_disable_surveys":false,"footnotes":""},"class_list":["post-99","page","type-page","status-publish","hentry"],"aioseo_notices":[],"_links":{"self":[{"href":"https:\/\/ofertasbyreichel.es\/index.php\/wp-json\/wp\/v2\/pages\/99","targetHints":{"allow":["GET"]}}],"collection":[{"href":"https:\/\/ofertasbyreichel.es\/index.php\/wp-json\/wp\/v2\/pages"}],"about":[{"href":"https:\/\/ofertasbyreichel.es\/index.php\/wp-json\/wp\/v2\/types\/page"}],"author":[{"embeddable":true,"href":"https:\/\/ofertasbyreichel.es\/index.php\/wp-json\/wp\/v2\/users\/1"}],"replies":[{"embeddable":true,"href":"https:\/\/ofertasbyreichel.es\/index.php\/wp-json\/wp\/v2\/comments?post=99"}],"version-history":[{"count":111,"href":"https:\/\/ofertasbyreichel.es\/index.php\/wp-json\/wp\/v2\/pages\/99\/revisions"}],"predecessor-version":[{"id":642,"href":"https:\/\/ofertasbyreichel.es\/index.php\/wp-json\/wp\/v2\/pages\/99\/revisions\/642"}],"wp:attachment":[{"href":"https:\/\/ofertasbyreichel.es\/index.php\/wp-json\/wp\/v2\/media?parent=99"}],"curies":[{"name":"wp","href":"https:\/\/api.w.org\/{rel}","templated":true}]}}